{"id":4632,"date":"2021-10-15T08:04:37","date_gmt":"2021-10-15T08:04:37","guid":{"rendered":"https:\/\/www.sektorinnowacji.pl\/contact\/"},"modified":"2022-06-25T15:26:08","modified_gmt":"2022-06-25T15:26:08","slug":"contact","status":"publish","type":"page","link":"https:\/\/www.sektorinnowacji.pl\/en\/contact\/","title":{"rendered":"Contact"},"content":{"rendered":"<div class=\"fusion-fullwidth fullwidth-box fusion-builder-row-1 fusion-flex-container nonhundred-percent-fullwidth non-hundred-percent-height-scrolling\" style=\"--awb-border-radius-top-left:0px;--awb-border-radius-top-right:0px;--awb-border-radius-bottom-right:0px;--awb-border-radius-bottom-left:0px;--awb-padding-top:50px;--awb-padding-top-small:60px;--awb-flex-wrap:wrap;\" id=\"kontakt\" ><div class=\"fusion-builder-row fusion-row fusion-flex-align-items-stretch fusion-flex-justify-content-center fusion-flex-content-wrap\" style=\"max-width:1248px;margin-left: calc(-4% \/ 2 );margin-right: calc(-4% \/ 2 );\"><div class=\"fusion-layout-column fusion_builder_column fusion-builder-column-0 fusion_builder_column_1_1 1_1 fusion-flex-column fusion-flex-align-self-center fusion-animated\" style=\"--awb-padding-right:150px;--awb-padding-left:150px;--awb-padding-right-small:0px;--awb-padding-left-small:0px;--awb-bg-size:cover;--awb-width-large:100%;--awb-margin-top-large:0px;--awb-spacing-right-large:1.92%;--awb-margin-bottom-large:20px;--awb-spacing-left-large:1.92%;--awb-width-medium:100%;--awb-order-medium:0;--awb-spacing-right-medium:1.92%;--awb-spacing-left-medium:1.92%;--awb-width-small:100%;--awb-order-small:0;--awb-spacing-right-small:1.92%;--awb-spacing-left-small:1.92%;\" data-animationType=\"fadeInLeft\" data-animationDuration=\"1.0\" data-animationOffset=\"top-into-view\"><div class=\"fusion-column-wrapper fusion-column-has-shadow fusion-flex-justify-content-flex-start fusion-content-layout-column\"><div class=\"fusion-text fusion-text-1\" style=\"--awb-content-alignment:center;--awb-font-size:26px;--awb-line-height:1rem;--awb-text-color:#61829f;--awb-text-font-family:&quot;Montserrat&quot;;--awb-text-font-style:normal;--awb-text-font-weight:800;\"><p>Got any questions?<\/p>\n<\/div><div class=\"fusion-title title fusion-title-1 fusion-no-small-visibility fusion-sep-none fusion-title-center fusion-title-rotating fusion-animate-once fusion-title-clipIn fusion-title-size-two\" style=\"--awb-text-color:#3a6287;--awb-margin-top:-10px;--awb-margin-bottom:30px;--awb-font-size:39px;\"><h2 class=\"fusion-title-heading title-heading-center fusion-responsive-typography-calculated\" style=\"font-family:&quot;Montserrat&quot;;font-style:normal;font-weight:800;margin:0;letter-spacing:-1px;font-size:1em;--fontSize:39;line-height:1.2;\"><span class=\"fusion-animated-text-prefix\"><\/span> <span class=\"fusion-animated-texts-wrapper\" style=\"text-align: center;\" data-length=\"line\" data-minDisplayTime=\"1200\"><span class=\"fusion-animated-texts\"><span data-in-effect=\"clipIn\" class=\"fusion-animated-text\" data-in-sequence=\"true\" data-out-reverse=\"true\" data-out-effect=\"clipOut\">Chcesz w\u0142\u0105czy\u0107 si\u0119 w projekt?<\/span><\/span><\/span> <span class=\"fusion-animated-text-postfix\"><\/span><\/h2><\/div><div class=\"fusion-title title fusion-title-2 fusion-no-medium-visibility fusion-no-large-visibility fusion-sep-none fusion-title-center fusion-title-text fusion-title-size-two\" style=\"--awb-text-color:#3a6287;--awb-margin-top:-10px;--awb-margin-bottom:30px;--awb-font-size:39px;\"><h2 class=\"fusion-title-heading title-heading-center fusion-responsive-typography-calculated\" style=\"font-family:&quot;Montserrat&quot;;font-style:normal;font-weight:800;margin:0;letter-spacing:-1px;font-size:1em;--fontSize:39;line-height:1.2;\">Do you want to join the project?<\/h2><\/div><div class=\"fusion-text fusion-text-2\" style=\"--awb-content-alignment:center;--awb-font-size:18px;--awb-text-transform:none;--awb-text-color:#5b636c;\"><p>We are at your disposal! The team of the Wroc\u0142aw Technology Park, leading the INNOVATION SECTOR project, will be glad to answer any questions regarding the functioning of the portal or the possibility of establishing cooperation!<\/p>\n<\/div><\/div><\/div><div class=\"fusion-layout-column fusion_builder_column fusion-builder-column-1 fusion_builder_column_2_5 2_5 fusion-flex-column fusion-animated\" style=\"--awb-padding-top:40px;--awb-padding-right:40px;--awb-padding-bottom:40px;--awb-padding-left:40px;--awb-overflow:hidden;--awb-bg-color:#89263f;--awb-bg-color-hover:#89263f;--awb-bg-size:cover;--awb-border-radius:8px 8px 8px 8px;--awb-width-large:40%;--awb-margin-top-large:0px;--awb-spacing-right-large:4.8%;--awb-margin-bottom-large:20px;--awb-spacing-left-large:4.8%;--awb-width-medium:40%;--awb-order-medium:0;--awb-spacing-right-medium:4.8%;--awb-spacing-left-medium:4.8%;--awb-width-small:100%;--awb-order-small:0;--awb-spacing-right-small:1.92%;--awb-spacing-left-small:1.92%;\" data-animationType=\"fadeInLeft\" data-animationDuration=\"1.0\" data-animationOffset=\"top-into-view\"><div class=\"fusion-column-wrapper fusion-column-has-shadow fusion-flex-justify-content-flex-start fusion-content-layout-column\"><div class=\"fusion-title title fusion-title-3 fusion-sep-none fusion-title-text fusion-title-size-two\" style=\"--awb-text-color:#ffffff;--awb-font-size:22px;\"><h2 class=\"fusion-title-heading title-heading-left sm-text-align-center fusion-responsive-typography-calculated\" style=\"font-family:&quot;Montserrat&quot;;font-style:normal;font-weight:800;margin:0;font-size:1em;--fontSize:22;line-height:1.2;\">Write us at<\/h2><\/div><div class=\"fusion-builder-row fusion-builder-row-inner fusion-row fusion-flex-align-items-stretch fusion-flex-justify-content-center fusion-flex-content-wrap\" style=\"width:104% !important;max-width:104% !important;margin-left: calc(-4% \/ 2 );margin-right: calc(-4% \/ 2 );\"><div class=\"fusion-layout-column fusion_builder_column_inner fusion-builder-nested-column-0 fusion_builder_column_inner_1_1 1_1 fusion-flex-column\" style=\"--awb-padding-top:20px;--awb-padding-right:20px;--awb-padding-left:20px;--awb-overflow:hidden;--awb-bg-color:#ffffff;--awb-bg-color-hover:#ffffff;--awb-bg-size:cover;--awb-border-radius:8px 8px 8px 8px;--awb-width-large:100%;--awb-margin-top-large:0px;--awb-spacing-right-large:1.92%;--awb-margin-bottom-large:0px;--awb-spacing-left-large:1.92%;--awb-width-medium:100%;--awb-order-medium:0;--awb-spacing-right-medium:1.92%;--awb-spacing-left-medium:1.92%;--awb-width-small:auto;--awb-order-small:0;--awb-spacing-right-small:2%;--awb-spacing-left-small:2%;\"><div class=\"fusion-column-wrapper fusion-column-has-shadow fusion-flex-justify-content-flex-start fusion-content-layout-column\"><div class=\"fusion-text fusion-text-3 sm-text-align-center fusion-no-small-visibility\" style=\"--awb-line-height:2.5;--awb-text-transform:none;\"><p>sektorinnowacji@technologpark.pl<\/p>\n<\/div><div class=\"fusion-text fusion-text-4 sm-text-align-center fusion-no-medium-visibility fusion-no-large-visibility\" style=\"--awb-font-size:10px;--awb-line-height:2.5;--awb-text-transform:none;\"><p>sektorinnowacji@technologpark.pl<\/p>\n<\/div><\/div><\/div><\/div><\/div><\/div><div class=\"fusion-layout-column fusion_builder_column fusion-builder-column-2 fusion_builder_column_2_5 2_5 fusion-flex-column fusion-animated\" style=\"--awb-padding-top:40px;--awb-padding-right:40px;--awb-padding-bottom:40px;--awb-padding-left:40px;--awb-overflow:hidden;--awb-bg-color:#3a6287;--awb-bg-color-hover:#3a6287;--awb-bg-size:cover;--awb-border-radius:8px 8px 8px 8px;--awb-width-large:40%;--awb-margin-top-large:0px;--awb-spacing-right-large:4.8%;--awb-margin-bottom-large:20px;--awb-spacing-left-large:4.8%;--awb-width-medium:40%;--awb-order-medium:0;--awb-spacing-right-medium:4.8%;--awb-spacing-left-medium:4.8%;--awb-width-small:100%;--awb-order-small:0;--awb-spacing-right-small:1.92%;--awb-spacing-left-small:1.92%;\" data-animationType=\"fadeInRight\" data-animationDuration=\"1.0\" data-animationOffset=\"top-into-view\"><div class=\"fusion-column-wrapper fusion-column-has-shadow fusion-flex-justify-content-flex-start fusion-content-layout-column\"><div class=\"fusion-title title fusion-title-4 fusion-sep-none fusion-title-text fusion-title-size-two\" style=\"--awb-text-color:#ffffff;--awb-font-size:22px;\"><h2 class=\"fusion-title-heading title-heading-left sm-text-align-center fusion-responsive-typography-calculated\" style=\"font-family:&quot;Montserrat&quot;;font-style:normal;font-weight:800;margin:0;font-size:1em;--fontSize:22;line-height:1.2;\">Call us at<\/h2><\/div><div class=\"fusion-builder-row fusion-builder-row-inner fusion-row fusion-flex-align-items-stretch fusion-flex-justify-content-center fusion-flex-content-wrap\" style=\"width:104% !important;max-width:104% !important;margin-left: calc(-4% \/ 2 );margin-right: calc(-4% \/ 2 );\"><div class=\"fusion-layout-column fusion_builder_column_inner fusion-builder-nested-column-1 fusion_builder_column_inner_1_1 1_1 fusion-flex-column\" style=\"--awb-padding-top:20px;--awb-padding-right:20px;--awb-padding-left:20px;--awb-overflow:hidden;--awb-bg-color:#ffffff;--awb-bg-color-hover:#ffffff;--awb-bg-size:cover;--awb-border-radius:8px 8px 8px 8px;--awb-width-large:100%;--awb-margin-top-large:0px;--awb-spacing-right-large:1.92%;--awb-margin-bottom-large:0px;--awb-spacing-left-large:1.92%;--awb-width-medium:100%;--awb-order-medium:0;--awb-spacing-right-medium:1.92%;--awb-spacing-left-medium:1.92%;--awb-width-small:100%;--awb-order-small:0;--awb-spacing-right-small:1.92%;--awb-spacing-left-small:1.92%;\"><div class=\"fusion-column-wrapper fusion-column-has-shadow fusion-flex-justify-content-flex-start fusion-content-layout-column\"><div class=\"fusion-text fusion-text-5 sm-text-align-center fusion-no-small-visibility\" style=\"--awb-line-height:2.5;--awb-text-transform:none;\"><p>+48 781 871 624<\/p>\n<\/div><div class=\"fusion-text fusion-text-6 sm-text-align-center fusion-no-medium-visibility fusion-no-large-visibility\" style=\"--awb-font-size:10px;--awb-line-height:2.5;--awb-text-transform:none;\"><p>+48 781 871 624<\/p>\n<\/div><\/div><\/div><\/div><\/div><\/div><\/div><\/div>\n","protected":false},"excerpt":{"rendered":"","protected":false},"author":1,"featured_media":0,"parent":0,"menu_order":0,"comment_status":"closed","ping_status":"closed","template":"","meta":{"footnotes":""},"class_list":["post-4632","page","type-page","status-publish","hentry"],"acf":[],"yoast_head":"<!-- This site is optimized with the Yoast SEO plugin v19.1 - https:\/\/yoast.com\/wordpress\/plugins\/seo\/ -->\n<title>Contact - Innovation Sector<\/title>\n<meta name=\"description\" content=\"Sektor Innowacji to praktyczne narz\u0119dzia oraz przestrze\u0144 wymiany know-how dla biznesu i nauki, kt\u00f3re mog\u0105 wzajemnie nap\u0119dza\u0107 sw\u00f3j rozw\u00f3j.\" \/>\n<meta name=\"robots\" content=\"index, follow, max-snippet:-1, max-image-preview:large, max-video-preview:-1\" \/>\n<link rel=\"canonical\" href=\"https:\/\/www.sektorinnowacji.pl\/kontakt\/\" \/>\n<meta property=\"og:locale\" content=\"en_US\" \/>\n<meta property=\"og:type\" content=\"article\" \/>\n<meta property=\"og:title\" content=\"Contact - Innovation Sector\" \/>\n<meta property=\"og:description\" content=\"Sektor Innowacji to praktyczne narz\u0119dzia oraz przestrze\u0144 wymiany know-how dla biznesu i nauki, kt\u00f3re mog\u0105 wzajemnie nap\u0119dza\u0107 sw\u00f3j rozw\u00f3j.\" \/>\n<meta property=\"og:url\" content=\"https:\/\/www.sektorinnowacji.pl\/kontakt\/\" \/>\n<meta property=\"og:site_name\" content=\"Innovation Sector\" \/>\n<meta property=\"article:modified_time\" content=\"2022-06-25T15:26:08+00:00\" \/>\n<meta name=\"twitter:card\" content=\"summary_large_image\" \/>\n<meta name=\"twitter:label1\" content=\"Est. reading time\" \/>\n\t<meta name=\"twitter:data1\" content=\"14 minutes\" \/>\n<script type=\"application\/ld+json\" class=\"yoast-schema-graph\">{\"@context\":\"https:\/\/schema.org\",\"@graph\":[{\"@type\":\"Organization\",\"@id\":\"https:\/\/www.sektorinnowacji.pl\/#organization\",\"name\":\"Sektor Innowacji - portal Wroc\u0142awskiego Parku Technologicznego\",\"url\":\"https:\/\/www.sektorinnowacji.pl\/\",\"sameAs\":[],\"logo\":{\"@type\":\"ImageObject\",\"inLanguage\":\"en-US\",\"@id\":\"https:\/\/www.sektorinnowacji.pl\/#\/schema\/logo\/image\/\",\"url\":\"https:\/\/www.sektorinnowacji.pl\/wp-content\/uploads\/2022\/03\/Sektor-Innowacji-projekt-Wroclawskiego-Parku-Technologicznego.jpg\",\"contentUrl\":\"https:\/\/www.sektorinnowacji.pl\/wp-content\/uploads\/2022\/03\/Sektor-Innowacji-projekt-Wroclawskiego-Parku-Technologicznego.jpg\",\"width\":1920,\"height\":1080,\"caption\":\"Sektor Innowacji - portal Wroc\u0142awskiego Parku Technologicznego\"},\"image\":{\"@id\":\"https:\/\/www.sektorinnowacji.pl\/#\/schema\/logo\/image\/\"}},{\"@type\":\"WebSite\",\"@id\":\"https:\/\/www.sektorinnowacji.pl\/#website\",\"url\":\"https:\/\/www.sektorinnowacji.pl\/\",\"name\":\"Innovation Sector\",\"description\":\"Sektor Innowacji\",\"publisher\":{\"@id\":\"https:\/\/www.sektorinnowacji.pl\/#organization\"},\"potentialAction\":[{\"@type\":\"SearchAction\",\"target\":{\"@type\":\"EntryPoint\",\"urlTemplate\":\"https:\/\/www.sektorinnowacji.pl\/?s={search_term_string}\"},\"query-input\":\"required name=search_term_string\"}],\"inLanguage\":\"en-US\"},{\"@type\":\"WebPage\",\"@id\":\"https:\/\/www.sektorinnowacji.pl\/kontakt\/#webpage\",\"url\":\"https:\/\/www.sektorinnowacji.pl\/kontakt\/\",\"name\":\"Contact - Innovation Sector\",\"isPartOf\":{\"@id\":\"https:\/\/www.sektorinnowacji.pl\/#website\"},\"datePublished\":\"2021-10-15T08:04:37+00:00\",\"dateModified\":\"2022-06-25T15:26:08+00:00\",\"description\":\"Sektor Innowacji to praktyczne narz\u0119dzia oraz przestrze\u0144 wymiany know-how dla biznesu i nauki, kt\u00f3re mog\u0105 wzajemnie nap\u0119dza\u0107 sw\u00f3j rozw\u00f3j.\",\"breadcrumb\":{\"@id\":\"https:\/\/www.sektorinnowacji.pl\/kontakt\/#breadcrumb\"},\"inLanguage\":\"en-US\",\"potentialAction\":[{\"@type\":\"ReadAction\",\"target\":[\"https:\/\/www.sektorinnowacji.pl\/kontakt\/\"]}]},{\"@type\":\"BreadcrumbList\",\"@id\":\"https:\/\/www.sektorinnowacji.pl\/kontakt\/#breadcrumb\",\"itemListElement\":[{\"@type\":\"ListItem\",\"position\":1,\"name\":\"Home\",\"item\":\"https:\/\/www.sektorinnowacji.pl\/en\/\"},{\"@type\":\"ListItem\",\"position\":2,\"name\":\"Contact\"}]}]}<\/script>\n<!-- \/ Yoast SEO plugin. -->","yoast_head_json":{"title":"Contact - Innovation Sector","description":"Sektor Innowacji to praktyczne narz\u0119dzia oraz przestrze\u0144 wymiany know-how dla biznesu i nauki, kt\u00f3re mog\u0105 wzajemnie nap\u0119dza\u0107 sw\u00f3j rozw\u00f3j.","robots":{"index":"index","follow":"follow","max-snippet":"max-snippet:-1","max-image-preview":"max-image-preview:large","max-video-preview":"max-video-preview:-1"},"canonical":"https:\/\/www.sektorinnowacji.pl\/kontakt\/","og_locale":"en_US","og_type":"article","og_title":"Contact - Innovation Sector","og_description":"Sektor Innowacji to praktyczne narz\u0119dzia oraz przestrze\u0144 wymiany know-how dla biznesu i nauki, kt\u00f3re mog\u0105 wzajemnie nap\u0119dza\u0107 sw\u00f3j rozw\u00f3j.","og_url":"https:\/\/www.sektorinnowacji.pl\/kontakt\/","og_site_name":"Innovation Sector","article_modified_time":"2022-06-25T15:26:08+00:00","twitter_card":"summary_large_image","twitter_misc":{"Est. reading time":"14 minutes"},"schema":{"@context":"https:\/\/schema.org","@graph":[{"@type":"Organization","@id":"https:\/\/www.sektorinnowacji.pl\/#organization","name":"Sektor Innowacji - portal Wroc\u0142awskiego Parku Technologicznego","url":"https:\/\/www.sektorinnowacji.pl\/","sameAs":[],"logo":{"@type":"ImageObject","inLanguage":"en-US","@id":"https:\/\/www.sektorinnowacji.pl\/#\/schema\/logo\/image\/","url":"https:\/\/www.sektorinnowacji.pl\/wp-content\/uploads\/2022\/03\/Sektor-Innowacji-projekt-Wroclawskiego-Parku-Technologicznego.jpg","contentUrl":"https:\/\/www.sektorinnowacji.pl\/wp-content\/uploads\/2022\/03\/Sektor-Innowacji-projekt-Wroclawskiego-Parku-Technologicznego.jpg","width":1920,"height":1080,"caption":"Sektor Innowacji - portal Wroc\u0142awskiego Parku Technologicznego"},"image":{"@id":"https:\/\/www.sektorinnowacji.pl\/#\/schema\/logo\/image\/"}},{"@type":"WebSite","@id":"https:\/\/www.sektorinnowacji.pl\/#website","url":"https:\/\/www.sektorinnowacji.pl\/","name":"Innovation Sector","description":"Sektor Innowacji","publisher":{"@id":"https:\/\/www.sektorinnowacji.pl\/#organization"},"potentialAction":[{"@type":"SearchAction","target":{"@type":"EntryPoint","urlTemplate":"https:\/\/www.sektorinnowacji.pl\/?s={search_term_string}"},"query-input":"required name=search_term_string"}],"inLanguage":"en-US"},{"@type":"WebPage","@id":"https:\/\/www.sektorinnowacji.pl\/kontakt\/#webpage","url":"https:\/\/www.sektorinnowacji.pl\/kontakt\/","name":"Contact - Innovation Sector","isPartOf":{"@id":"https:\/\/www.sektorinnowacji.pl\/#website"},"datePublished":"2021-10-15T08:04:37+00:00","dateModified":"2022-06-25T15:26:08+00:00","description":"Sektor Innowacji to praktyczne narz\u0119dzia oraz przestrze\u0144 wymiany know-how dla biznesu i nauki, kt\u00f3re mog\u0105 wzajemnie nap\u0119dza\u0107 sw\u00f3j rozw\u00f3j.","breadcrumb":{"@id":"https:\/\/www.sektorinnowacji.pl\/kontakt\/#breadcrumb"},"inLanguage":"en-US","potentialAction":[{"@type":"ReadAction","target":["https:\/\/www.sektorinnowacji.pl\/kontakt\/"]}]},{"@type":"BreadcrumbList","@id":"https:\/\/www.sektorinnowacji.pl\/kontakt\/#breadcrumb","itemListElement":[{"@type":"ListItem","position":1,"name":"Home","item":"https:\/\/www.sektorinnowacji.pl\/en\/"},{"@type":"ListItem","position":2,"name":"Contact"}]}]}},"_links":{"self":[{"href":"https:\/\/www.sektorinnowacji.pl\/en\/wp-json\/wp\/v2\/pages\/4632","targetHints":{"allow":["GET"]}}],"collection":[{"href":"https:\/\/www.sektorinnowacji.pl\/en\/wp-json\/wp\/v2\/pages"}],"about":[{"href":"https:\/\/www.sektorinnowacji.pl\/en\/wp-json\/wp\/v2\/types\/page"}],"author":[{"embeddable":true,"href":"https:\/\/www.sektorinnowacji.pl\/en\/wp-json\/wp\/v2\/users\/1"}],"replies":[{"embeddable":true,"href":"https:\/\/www.sektorinnowacji.pl\/en\/wp-json\/wp\/v2\/comments?post=4632"}],"version-history":[{"count":5,"href":"https:\/\/www.sektorinnowacji.pl\/en\/wp-json\/wp\/v2\/pages\/4632\/revisions"}],"predecessor-version":[{"id":4782,"href":"https:\/\/www.sektorinnowacji.pl\/en\/wp-json\/wp\/v2\/pages\/4632\/revisions\/4782"}],"wp:attachment":[{"href":"https:\/\/www.sektorinnowacji.pl\/en\/wp-json\/wp\/v2\/media?parent=4632"}],"curies":[{"name":"wp","href":"https:\/\/api.w.org\/{rel}","templated":true}]}}