{"id":4645,"date":"2021-12-14T13:25:51","date_gmt":"2021-12-14T13:25:51","guid":{"rendered":"https:\/\/www.sektorinnowacji.pl\/innovatorshandbook\/"},"modified":"2022-06-25T12:57:57","modified_gmt":"2022-06-25T12:57:57","slug":"innovatorshandbook","status":"publish","type":"page","link":"https:\/\/www.sektorinnowacji.pl\/en\/innovatorshandbook\/","title":{"rendered":"Innovator\u2019s handbook"},"content":{"rendered":"<div class=\"fusion-fullwidth fullwidth-box fusion-builder-row-1 fusion-flex-container nonhundred-percent-fullwidth non-hundred-percent-height-scrolling\" style=\"--awb-border-radius-top-left:0px;--awb-border-radius-top-right:0px;--awb-border-radius-bottom-right:0px;--awb-border-radius-bottom-left:0px;--awb-padding-top:50px;--awb-padding-bottom:90px;--awb-flex-wrap:wrap;\" id=\"weryfikator innowacji\" ><div class=\"fusion-builder-row fusion-row fusion-flex-align-items-flex-start fusion-flex-content-wrap\" style=\"max-width:1248px;margin-left: calc(-4% \/ 2 );margin-right: calc(-4% \/ 2 );\"><div class=\"fusion-layout-column fusion_builder_column fusion-builder-column-0 fusion-flex-column fusion-animated\" style=\"--awb-padding-top:15px;--awb-padding-right:15px;--awb-padding-bottom:15px;--awb-padding-left:15px;--awb-bg-color:#3a6287;--awb-bg-color-hover:#3a6287;--awb-bg-size:cover;--awb-width-large:10%;--awb-margin-top-large:5px;--awb-spacing-right-large:0PX;--awb-margin-bottom-large:0px;--awb-spacing-left-large:19.2%;--awb-width-medium:10%;--awb-order-medium:0;--awb-spacing-right-medium:0PX;--awb-spacing-left-medium:19.2%;--awb-width-small:10%;--awb-order-small:0;--awb-spacing-right-small:0PX;--awb-spacing-left-small:19.2%;\" data-animationType=\"fadeInRight\" data-animationDuration=\"1.0\" data-animationOffset=\"top-into-view\"><div class=\"fusion-column-wrapper fusion-column-has-shadow fusion-flex-justify-content-flex-start fusion-content-layout-column\"><i class=\"fb-icon-element-1 fb-icon-element fontawesome-icon fa-angle-right fas circle-no\" style=\"--awb-iconcolor:#ffffff;--awb-iconcolor-hover:#ffffff;--awb-font-size:31px;--awb-margin-top:0;--awb-margin-right:0;--awb-margin-bottom:0;--awb-margin-left:0;--awb-align-self:center;\"><\/i><\/div><\/div><div class=\"fusion-layout-column fusion_builder_column fusion-builder-column-1 fusion-flex-column fusion-animated\" style=\"--awb-bg-size:cover;--awb-width-large:90%;--awb-margin-top-large:0px;--awb-spacing-right-large:0PX;--awb-margin-bottom-large:0px;--awb-spacing-left-large:20PX;--awb-width-medium:90%;--awb-order-medium:0;--awb-spacing-right-medium:0PX;--awb-spacing-left-medium:20PX;--awb-width-small:90%;--awb-order-small:0;--awb-spacing-right-small:0PX;--awb-spacing-left-small:20PX;\" data-animationType=\"fadeInRight\" data-animationDuration=\"1.0\" data-animationOffset=\"top-into-view\"><div class=\"fusion-column-wrapper fusion-column-has-shadow fusion-flex-justify-content-center fusion-content-layout-column\"><div class=\"fusion-title title fusion-title-1 fusion-sep-none fusion-title-text fusion-title-size-three\" style=\"--awb-text-color:#3a6287;--awb-margin-top:15PX;--awb-margin-left:20px;--awb-margin-top-small:20px;--awb-font-size:36px;\"><h3 class=\"fusion-title-heading title-heading-left fusion-responsive-typography-calculated\" style=\"font-family:&quot;Montserrat&quot;;font-style:normal;font-weight:800;margin:0;font-size:1em;--fontSize:36;line-height:1.3;\">Innovator\u2019s handbook<\/h3><\/div><\/div><\/div><div class=\"fusion-layout-column fusion_builder_column fusion-builder-column-2 fusion_builder_column_1_1 1_1 fusion-flex-column\" style=\"--awb-bg-size:cover;--awb-width-large:100%;--awb-margin-top-large:0px;--awb-spacing-right-large:1.92%;--awb-margin-bottom-large:20px;--awb-spacing-left-large:1.92%;--awb-width-medium:100%;--awb-order-medium:0;--awb-spacing-right-medium:1.92%;--awb-spacing-left-medium:1.92%;--awb-width-small:100%;--awb-order-small:0;--awb-spacing-right-small:1.92%;--awb-spacing-left-small:1.92%;\"><div class=\"fusion-column-wrapper fusion-column-has-shadow fusion-flex-justify-content-flex-start fusion-content-layout-column\"><div class=\"fusion-separator fusion-full-width-sep\" style=\"align-self: center;margin-left: auto;margin-right: auto;margin-bottom:20px;width:100%;\"><div class=\"fusion-separator-border sep-single sep-solid\" style=\"--awb-height:20px;--awb-amount:20px;border-color:#e2e2e2;border-top-width:1px;\"><\/div><\/div><\/div><\/div><\/div><\/div>\n","protected":false},"excerpt":{"rendered":"","protected":false},"author":1,"featured_media":0,"parent":0,"menu_order":0,"comment_status":"closed","ping_status":"closed","template":"100-width.php","meta":{"footnotes":""},"class_list":["post-4645","page","type-page","status-publish","hentry"],"acf":[],"yoast_head":"<!-- This site is optimized with the Yoast SEO plugin v19.1 - https:\/\/yoast.com\/wordpress\/plugins\/seo\/ -->\n<title>Innovator\u2019s handbook - Innovation Sector<\/title>\n<meta name=\"description\" content=\"Sektor Innowacji to praktyczne narz\u0119dzia oraz przestrze\u0144 wymiany know-how dla biznesu i nauki, kt\u00f3re mog\u0105 wzajemnie nap\u0119dza\u0107 sw\u00f3j rozw\u00f3j.\" \/>\n<meta name=\"robots\" content=\"index, follow, max-snippet:-1, max-image-preview:large, max-video-preview:-1\" \/>\n<link rel=\"canonical\" href=\"https:\/\/www.sektorinnowacji.pl\/poradnikinnowatora\/\" \/>\n<meta property=\"og:locale\" content=\"en_US\" \/>\n<meta property=\"og:type\" content=\"article\" \/>\n<meta property=\"og:title\" content=\"Innovator\u2019s handbook - Innovation Sector\" \/>\n<meta property=\"og:description\" content=\"Sektor Innowacji to praktyczne narz\u0119dzia oraz przestrze\u0144 wymiany know-how dla biznesu i nauki, kt\u00f3re mog\u0105 wzajemnie nap\u0119dza\u0107 sw\u00f3j rozw\u00f3j.\" \/>\n<meta property=\"og:url\" content=\"https:\/\/www.sektorinnowacji.pl\/poradnikinnowatora\/\" \/>\n<meta property=\"og:site_name\" content=\"Innovation Sector\" \/>\n<meta property=\"article:modified_time\" content=\"2022-06-25T12:57:57+00:00\" \/>\n<meta name=\"twitter:card\" content=\"summary_large_image\" \/>\n<meta name=\"twitter:label1\" content=\"Est. reading time\" \/>\n\t<meta name=\"twitter:data1\" content=\"8 minutes\" \/>\n<script type=\"application\/ld+json\" class=\"yoast-schema-graph\">{\"@context\":\"https:\/\/schema.org\",\"@graph\":[{\"@type\":\"Organization\",\"@id\":\"https:\/\/www.sektorinnowacji.pl\/#organization\",\"name\":\"Sektor Innowacji - portal Wroc\u0142awskiego Parku Technologicznego\",\"url\":\"https:\/\/www.sektorinnowacji.pl\/\",\"sameAs\":[],\"logo\":{\"@type\":\"ImageObject\",\"inLanguage\":\"en-US\",\"@id\":\"https:\/\/www.sektorinnowacji.pl\/#\/schema\/logo\/image\/\",\"url\":\"https:\/\/www.sektorinnowacji.pl\/wp-content\/uploads\/2022\/03\/Sektor-Innowacji-projekt-Wroclawskiego-Parku-Technologicznego.jpg\",\"contentUrl\":\"https:\/\/www.sektorinnowacji.pl\/wp-content\/uploads\/2022\/03\/Sektor-Innowacji-projekt-Wroclawskiego-Parku-Technologicznego.jpg\",\"width\":1920,\"height\":1080,\"caption\":\"Sektor Innowacji - portal Wroc\u0142awskiego Parku Technologicznego\"},\"image\":{\"@id\":\"https:\/\/www.sektorinnowacji.pl\/#\/schema\/logo\/image\/\"}},{\"@type\":\"WebSite\",\"@id\":\"https:\/\/www.sektorinnowacji.pl\/#website\",\"url\":\"https:\/\/www.sektorinnowacji.pl\/\",\"name\":\"Innovation Sector\",\"description\":\"Sektor Innowacji\",\"publisher\":{\"@id\":\"https:\/\/www.sektorinnowacji.pl\/#organization\"},\"potentialAction\":[{\"@type\":\"SearchAction\",\"target\":{\"@type\":\"EntryPoint\",\"urlTemplate\":\"https:\/\/www.sektorinnowacji.pl\/?s={search_term_string}\"},\"query-input\":\"required name=search_term_string\"}],\"inLanguage\":\"en-US\"},{\"@type\":\"WebPage\",\"@id\":\"https:\/\/www.sektorinnowacji.pl\/poradnikinnowatora\/#webpage\",\"url\":\"https:\/\/www.sektorinnowacji.pl\/poradnikinnowatora\/\",\"name\":\"Innovator\u2019s handbook - Innovation Sector\",\"isPartOf\":{\"@id\":\"https:\/\/www.sektorinnowacji.pl\/#website\"},\"datePublished\":\"2021-12-14T13:25:51+00:00\",\"dateModified\":\"2022-06-25T12:57:57+00:00\",\"description\":\"Sektor Innowacji to praktyczne narz\u0119dzia oraz przestrze\u0144 wymiany know-how dla biznesu i nauki, kt\u00f3re mog\u0105 wzajemnie nap\u0119dza\u0107 sw\u00f3j rozw\u00f3j.\",\"breadcrumb\":{\"@id\":\"https:\/\/www.sektorinnowacji.pl\/poradnikinnowatora\/#breadcrumb\"},\"inLanguage\":\"en-US\",\"potentialAction\":[{\"@type\":\"ReadAction\",\"target\":[\"https:\/\/www.sektorinnowacji.pl\/poradnikinnowatora\/\"]}]},{\"@type\":\"BreadcrumbList\",\"@id\":\"https:\/\/www.sektorinnowacji.pl\/poradnikinnowatora\/#breadcrumb\",\"itemListElement\":[{\"@type\":\"ListItem\",\"position\":1,\"name\":\"Home\",\"item\":\"https:\/\/www.sektorinnowacji.pl\/en\/\"},{\"@type\":\"ListItem\",\"position\":2,\"name\":\"Innovator\u2019s handbook\"}]}]}<\/script>\n<!-- \/ Yoast SEO plugin. -->","yoast_head_json":{"title":"Innovator\u2019s handbook - Innovation Sector","description":"Sektor Innowacji to praktyczne narz\u0119dzia oraz przestrze\u0144 wymiany know-how dla biznesu i nauki, kt\u00f3re mog\u0105 wzajemnie nap\u0119dza\u0107 sw\u00f3j rozw\u00f3j.","robots":{"index":"index","follow":"follow","max-snippet":"max-snippet:-1","max-image-preview":"max-image-preview:large","max-video-preview":"max-video-preview:-1"},"canonical":"https:\/\/www.sektorinnowacji.pl\/poradnikinnowatora\/","og_locale":"en_US","og_type":"article","og_title":"Innovator\u2019s handbook - Innovation Sector","og_description":"Sektor Innowacji to praktyczne narz\u0119dzia oraz przestrze\u0144 wymiany know-how dla biznesu i nauki, kt\u00f3re mog\u0105 wzajemnie nap\u0119dza\u0107 sw\u00f3j rozw\u00f3j.","og_url":"https:\/\/www.sektorinnowacji.pl\/poradnikinnowatora\/","og_site_name":"Innovation Sector","article_modified_time":"2022-06-25T12:57:57+00:00","twitter_card":"summary_large_image","twitter_misc":{"Est. reading time":"8 minutes"},"schema":{"@context":"https:\/\/schema.org","@graph":[{"@type":"Organization","@id":"https:\/\/www.sektorinnowacji.pl\/#organization","name":"Sektor Innowacji - portal Wroc\u0142awskiego Parku Technologicznego","url":"https:\/\/www.sektorinnowacji.pl\/","sameAs":[],"logo":{"@type":"ImageObject","inLanguage":"en-US","@id":"https:\/\/www.sektorinnowacji.pl\/#\/schema\/logo\/image\/","url":"https:\/\/www.sektorinnowacji.pl\/wp-content\/uploads\/2022\/03\/Sektor-Innowacji-projekt-Wroclawskiego-Parku-Technologicznego.jpg","contentUrl":"https:\/\/www.sektorinnowacji.pl\/wp-content\/uploads\/2022\/03\/Sektor-Innowacji-projekt-Wroclawskiego-Parku-Technologicznego.jpg","width":1920,"height":1080,"caption":"Sektor Innowacji - portal Wroc\u0142awskiego Parku Technologicznego"},"image":{"@id":"https:\/\/www.sektorinnowacji.pl\/#\/schema\/logo\/image\/"}},{"@type":"WebSite","@id":"https:\/\/www.sektorinnowacji.pl\/#website","url":"https:\/\/www.sektorinnowacji.pl\/","name":"Innovation Sector","description":"Sektor Innowacji","publisher":{"@id":"https:\/\/www.sektorinnowacji.pl\/#organization"},"potentialAction":[{"@type":"SearchAction","target":{"@type":"EntryPoint","urlTemplate":"https:\/\/www.sektorinnowacji.pl\/?s={search_term_string}"},"query-input":"required name=search_term_string"}],"inLanguage":"en-US"},{"@type":"WebPage","@id":"https:\/\/www.sektorinnowacji.pl\/poradnikinnowatora\/#webpage","url":"https:\/\/www.sektorinnowacji.pl\/poradnikinnowatora\/","name":"Innovator\u2019s handbook - Innovation Sector","isPartOf":{"@id":"https:\/\/www.sektorinnowacji.pl\/#website"},"datePublished":"2021-12-14T13:25:51+00:00","dateModified":"2022-06-25T12:57:57+00:00","description":"Sektor Innowacji to praktyczne narz\u0119dzia oraz przestrze\u0144 wymiany know-how dla biznesu i nauki, kt\u00f3re mog\u0105 wzajemnie nap\u0119dza\u0107 sw\u00f3j rozw\u00f3j.","breadcrumb":{"@id":"https:\/\/www.sektorinnowacji.pl\/poradnikinnowatora\/#breadcrumb"},"inLanguage":"en-US","potentialAction":[{"@type":"ReadAction","target":["https:\/\/www.sektorinnowacji.pl\/poradnikinnowatora\/"]}]},{"@type":"BreadcrumbList","@id":"https:\/\/www.sektorinnowacji.pl\/poradnikinnowatora\/#breadcrumb","itemListElement":[{"@type":"ListItem","position":1,"name":"Home","item":"https:\/\/www.sektorinnowacji.pl\/en\/"},{"@type":"ListItem","position":2,"name":"Innovator\u2019s handbook"}]}]}},"_links":{"self":[{"href":"https:\/\/www.sektorinnowacji.pl\/en\/wp-json\/wp\/v2\/pages\/4645","targetHints":{"allow":["GET"]}}],"collection":[{"href":"https:\/\/www.sektorinnowacji.pl\/en\/wp-json\/wp\/v2\/pages"}],"about":[{"href":"https:\/\/www.sektorinnowacji.pl\/en\/wp-json\/wp\/v2\/types\/page"}],"author":[{"embeddable":true,"href":"https:\/\/www.sektorinnowacji.pl\/en\/wp-json\/wp\/v2\/users\/1"}],"replies":[{"embeddable":true,"href":"https:\/\/www.sektorinnowacji.pl\/en\/wp-json\/wp\/v2\/comments?post=4645"}],"version-history":[{"count":2,"href":"https:\/\/www.sektorinnowacji.pl\/en\/wp-json\/wp\/v2\/pages\/4645\/revisions"}],"predecessor-version":[{"id":4647,"href":"https:\/\/www.sektorinnowacji.pl\/en\/wp-json\/wp\/v2\/pages\/4645\/revisions\/4647"}],"wp:attachment":[{"href":"https:\/\/www.sektorinnowacji.pl\/en\/wp-json\/wp\/v2\/media?parent=4645"}],"curies":[{"name":"wp","href":"https:\/\/api.w.org\/{rel}","templated":true}]}}