{"id":4652,"date":"2021-10-14T08:32:52","date_gmt":"2021-10-14T08:32:52","guid":{"rendered":"https:\/\/www.sektorinnowacji.pl\/wroclawinnovations\/"},"modified":"2022-06-25T13:13:38","modified_gmt":"2022-06-25T13:13:38","slug":"wroclawinnovations","status":"publish","type":"page","link":"https:\/\/www.sektorinnowacji.pl\/en\/wroclawinnovations\/","title":{"rendered":"Wroclaw Innovations"},"content":{"rendered":"<p><section class=\"fusion-fullwidth fullwidth-box fusion-builder-row-1 fusion-flex-container nonhundred-percent-fullwidth non-hundred-percent-height-scrolling fusion-custom-z-index\" style=\"--awb-border-radius-top-left:0px;--awb-border-radius-top-right:0px;--awb-border-radius-bottom-right:0px;--awb-border-radius-bottom-left:0px;--awb-z-index:400;--awb-padding-top:50px;--awb-padding-top-small:22px;--awb-margin-bottom:0px;--awb-margin-bottom-small:0px;--awb-background-image:radial-gradient(circle at right bottom, #f2f7fc 25%,#ffffff 10%);--awb-flex-wrap:wrap;\" ><div class=\"fusion-builder-row fusion-row fusion-flex-align-items-flex-start fusion-flex-content-wrap\" style=\"max-width:1248px;margin-left: calc(-4% \/ 2 );margin-right: calc(-4% \/ 2 );\"><div class=\"fusion-layout-column fusion_builder_column fusion-builder-column-0 fusion_builder_column_1_2 1_2 fusion-flex-column fusion-animated\" style=\"--awb-padding-right:15%;--awb-padding-left-medium:15%;--awb-padding-right-small:0px;--awb-padding-left-small:0px;--awb-bg-size:cover;--awb-width-large:50%;--awb-margin-top-large:0px;--awb-spacing-right-large:3.84%;--awb-margin-bottom-large:0px;--awb-spacing-left-large:3.84%;--awb-width-medium:50%;--awb-order-medium:0;--awb-spacing-right-medium:3.84%;--awb-spacing-left-medium:3.84%;--awb-width-small:100%;--awb-order-small:2;--awb-spacing-right-small:1.92%;--awb-margin-bottom-small:0px;--awb-spacing-left-small:1.92%;\" data-animationType=\"fadeInUp\" data-animationDuration=\"1.3\" data-animationOffset=\"top-into-view\"><div class=\"fusion-column-wrapper fusion-column-has-shadow fusion-flex-justify-content-flex-start fusion-content-layout-row\"><div class=\"fusion-text fusion-text-1 fusion-no-small-visibility fusion-no-medium-visibility fusion-text-no-margin\" style=\"--awb-font-size:16px;--awb-text-transform:none;--awb-text-color:#435c78;--awb-margin-top:12px;--awb-margin-bottom:0px;--awb-text-font-family:&quot;Montserrat&quot;;--awb-text-font-style:normal;--awb-text-font-weight:800;\"><p>CONNECTING BUSINESS AND SCIENCE!<\/p>\n<\/div><div class=\"fusion-text fusion-text-2 fusion-no-large-visibility fusion-text-no-margin\" style=\"--awb-font-size:14px;--awb-text-transform:none;--awb-text-color:#435c78;--awb-margin-top:12px;--awb-margin-bottom:0px;--awb-text-font-family:&quot;Montserrat&quot;;--awb-text-font-style:normal;--awb-text-font-weight:800;\"><p>CONNECTING BUSINESS AND SCIENCE!<\/p>\n<\/div><div class=\"fusion-title title fusion-title-1 fusion-no-small-visibility fusion-no-medium-visibility fusion-sep-none fusion-title-text fusion-title-size-one\" style=\"--awb-text-color:#435c78;--awb-margin-bottom:20px;\"><h1 class=\"fusion-title-heading title-heading-left fusion-responsive-typography-calculated\" style=\"font-family:&quot;Montserrat&quot;;font-style:normal;font-weight:800;margin:0;--fontSize:54;line-height:1.16;\">Wroc\u0142aw innovations<\/h1><\/div><div class=\"fusion-title title fusion-title-2 fusion-no-large-visibility fusion-sep-none fusion-title-text fusion-title-size-one\" style=\"--awb-text-color:#435c78;--awb-margin-bottom-small:30px;--awb-font-size:72px;\"><h1 class=\"fusion-title-heading title-heading-left fusion-responsive-typography-calculated\" style=\"font-family:&quot;Montserrat&quot;;font-style:normal;font-weight:800;margin:0;font-size:1em;--fontSize:72;line-height:1.16;\">Wroc\u0142aw innovations<\/h1><\/div><div class=\"fusion-builder-row fusion-builder-row-inner fusion-row fusion-flex-align-items-flex-start fusion-flex-content-wrap\" style=\"width:104% !important;max-width:104% !important;margin-left: calc(-4% \/ 2 );margin-right: calc(-4% \/ 2 );\"><div class=\"fusion-layout-column fusion_builder_column_inner fusion-builder-nested-column-0 fusion_builder_column_inner_1_1 1_1 fusion-flex-column\" style=\"--awb-bg-size:cover;--awb-width-large:100%;--awb-margin-top-large:0px;--awb-spacing-right-large:1.92%;--awb-margin-bottom-large:45px;--awb-spacing-left-large:1.92%;--awb-width-medium:100%;--awb-order-medium:0;--awb-spacing-right-medium:1.92%;--awb-spacing-left-medium:1.92%;--awb-width-small:100%;--awb-order-small:1;--awb-spacing-right-small:1.92%;--awb-spacing-left-small:1.92%;\"><div class=\"fusion-column-wrapper fusion-column-has-shadow fusion-flex-justify-content-flex-start fusion-content-layout-column\"><div class=\"fusion-text fusion-text-3 fusion-text-no-margin\" style=\"--awb-text-transform:none;\"><p>Learn the stories of Wroc\u0142aw scientists, innovators and companies whose ideas change the world! Find out how they developed their products, services and technologies and became leaders in their industries. Be proud of them and get inspired!<\/p>\n<\/div><\/div><\/div><\/div><\/div><\/div><div class=\"fusion-layout-column fusion_builder_column fusion-builder-column-1 fusion-flex-column fusion-animated\" style=\"--awb-bg-size:cover;--awb-width-large:21.5%;--awb-margin-top-large:0px;--awb-spacing-right-large:8.9302325581395%;--awb-margin-bottom-large:0px;--awb-spacing-left-large:25px;--awb-width-medium:21.5%;--awb-order-medium:0;--awb-spacing-right-medium:8.9302325581395%;--awb-spacing-left-medium:15px;--awb-width-small:100%;--awb-order-small:1;--awb-spacing-right-small:1.92%;--awb-spacing-left-small:1.92%;\" data-animationType=\"fadeInUp\" data-animationDuration=\"1.2\" data-animationOffset=\"top-into-view\"><div class=\"fusion-column-wrapper fusion-column-has-shadow fusion-flex-justify-content-flex-start fusion-content-layout-column\"><div class=\"fusion-image-element fusion-no-small-visibility fusion-no-medium-visibility\" style=\"--awb-margin-bottom:30px;--awb-caption-title-font-family:var(--h2_typography-font-family);--awb-caption-title-font-weight:var(--h2_typography-font-weight);--awb-caption-title-font-style:var(--h2_typography-font-style);--awb-caption-title-size:var(--h2_typography-font-size);--awb-caption-title-transform:var(--h2_typography-text-transform);--awb-caption-title-line-height:var(--h2_typography-line-height);--awb-caption-title-letter-spacing:var(--h2_typography-letter-spacing);\"><span class=\" fusion-imageframe imageframe-none imageframe-1 hover-type-none\" style=\"border-radius:8px;\"><img decoding=\"async\" width=\"400\" height=\"473\" title=\"WI hero 2\" src=\"https:\/\/www.sektorinnowacji.pl\/wp-content\/uploads\/2021\/12\/WI-hero-2.jpg\" data-orig-src=\"https:\/\/www.sektorinnowacji.pl\/wp-content\/uploads\/2021\/12\/WI-hero-2.jpg\" alt class=\"lazyload img-responsive wp-image-5146\" srcset=\"data:image\/svg+xml,%3Csvg%20xmlns%3D%27http%3A%2F%2Fwww.w3.org%2F2000%2Fsvg%27%20width%3D%27400%27%20height%3D%27473%27%20viewBox%3D%270%200%20400%20473%27%3E%3Crect%20width%3D%27400%27%20height%3D%27473%27%20fill-opacity%3D%220%22%2F%3E%3C%2Fsvg%3E\" data-srcset=\"https:\/\/www.sektorinnowacji.pl\/wp-content\/uploads\/2021\/12\/WI-hero-2-200x237.jpg 200w, https:\/\/www.sektorinnowacji.pl\/wp-content\/uploads\/2021\/12\/WI-hero-2.jpg 400w\" data-sizes=\"auto\" data-orig-sizes=\"(max-width: 640px) 100vw, 400px\" \/><\/span><\/div><div class=\"fusion-image-element \" style=\"--awb-margin-bottom:30px;--awb-caption-title-font-family:var(--h2_typography-font-family);--awb-caption-title-font-weight:var(--h2_typography-font-weight);--awb-caption-title-font-style:var(--h2_typography-font-style);--awb-caption-title-size:var(--h2_typography-font-size);--awb-caption-title-transform:var(--h2_typography-text-transform);--awb-caption-title-line-height:var(--h2_typography-line-height);--awb-caption-title-letter-spacing:var(--h2_typography-letter-spacing);\"><span class=\" fusion-imageframe imageframe-none imageframe-2 hover-type-none\" style=\"border-radius:8px;\"><img decoding=\"async\" width=\"400\" height=\"230\" title=\"WI hero 3\" src=\"https:\/\/www.sektorinnowacji.pl\/wp-content\/uploads\/2021\/12\/WI-hero-3.jpg\" data-orig-src=\"https:\/\/www.sektorinnowacji.pl\/wp-content\/uploads\/2021\/12\/WI-hero-3.jpg\" alt class=\"lazyload img-responsive wp-image-5147\" srcset=\"data:image\/svg+xml,%3Csvg%20xmlns%3D%27http%3A%2F%2Fwww.w3.org%2F2000%2Fsvg%27%20width%3D%27400%27%20height%3D%27230%27%20viewBox%3D%270%200%20400%20230%27%3E%3Crect%20width%3D%27400%27%20height%3D%27230%27%20fill-opacity%3D%220%22%2F%3E%3C%2Fsvg%3E\" data-srcset=\"https:\/\/www.sektorinnowacji.pl\/wp-content\/uploads\/2021\/12\/WI-hero-3-200x115.jpg 200w, https:\/\/www.sektorinnowacji.pl\/wp-content\/uploads\/2021\/12\/WI-hero-3.jpg 400w\" data-sizes=\"auto\" data-orig-sizes=\"(max-width: 640px) 100vw, 400px\" \/><\/span><\/div><\/div><\/div><div class=\"fusion-layout-column fusion_builder_column fusion-builder-column-2 fusion-flex-column fusion-flex-align-self-flex-start fusion-no-small-visibility fusion-no-medium-visibility fusion-animated\" style=\"--awb-bg-size:cover;--awb-width-large:28.5%;--awb-margin-top-large:0px;--awb-spacing-right-large:25px;--awb-margin-bottom-large:0px;--awb-spacing-left-large:6.7368421052632%;--awb-width-medium:50%;--awb-order-medium:0;--awb-spacing-right-medium:15px;--awb-spacing-left-medium:3.84%;--awb-width-small:100%;--awb-order-small:1;--awb-spacing-right-small:1.92%;--awb-margin-bottom-small:0px;--awb-spacing-left-small:1.92%;\" data-animationType=\"fadeInUp\" data-animationDuration=\"0.8\" data-animationOffset=\"top-into-view\"><div class=\"fusion-column-wrapper fusion-column-has-shadow fusion-flex-justify-content-flex-start fusion-content-layout-column\"><div class=\"fusion-image-element \" style=\"--awb-caption-title-font-family:var(--h2_typography-font-family);--awb-caption-title-font-weight:var(--h2_typography-font-weight);--awb-caption-title-font-style:var(--h2_typography-font-style);--awb-caption-title-size:var(--h2_typography-font-size);--awb-caption-title-transform:var(--h2_typography-text-transform);--awb-caption-title-line-height:var(--h2_typography-line-height);--awb-caption-title-letter-spacing:var(--h2_typography-letter-spacing);\"><span class=\" fusion-imageframe imageframe-none imageframe-3 hover-type-none\" style=\"border-radius:8px;\"><img decoding=\"async\" width=\"814\" height=\"1178\" title=\"WI hero 1\" src=\"https:\/\/www.sektorinnowacji.pl\/wp-content\/uploads\/2021\/12\/WI-hero-1.jpg\" alt class=\"img-responsive wp-image-5145 disable-lazyload\" srcset=\"https:\/\/www.sektorinnowacji.pl\/wp-content\/uploads\/2021\/12\/WI-hero-1-200x289.jpg 200w, https:\/\/www.sektorinnowacji.pl\/wp-content\/uploads\/2021\/12\/WI-hero-1-400x579.jpg 400w, https:\/\/www.sektorinnowacji.pl\/wp-content\/uploads\/2021\/12\/WI-hero-1-600x868.jpg 600w, https:\/\/www.sektorinnowacji.pl\/wp-content\/uploads\/2021\/12\/WI-hero-1-800x1158.jpg 800w, https:\/\/www.sektorinnowacji.pl\/wp-content\/uploads\/2021\/12\/WI-hero-1.jpg 814w\" sizes=\"(max-width: 640px) 100vw, 400px\" \/><\/span><\/div><\/div><\/div><\/div><\/section><div class=\"fusion-fullwidth fullwidth-box fusion-builder-row-2 fusion-flex-container nonhundred-percent-fullwidth non-hundred-percent-height-scrolling\" style=\"--awb-border-radius-top-left:0px;--awb-border-radius-top-right:0px;--awb-border-radius-bottom-right:0px;--awb-border-radius-bottom-left:0px;--awb-padding-top:50px;--awb-padding-bottom:90px;--awb-flex-wrap:wrap;\" id=\"weryfikator innowacji\" ><div class=\"fusion-builder-row fusion-row fusion-flex-align-items-flex-start fusion-flex-content-wrap\" style=\"max-width:1248px;margin-left: calc(-4% \/ 2 );margin-right: calc(-4% \/ 2 );\"><div class=\"fusion-layout-column fusion_builder_column fusion-builder-column-3 fusion_builder_column_1_1 1_1 fusion-flex-column\" style=\"--awb-bg-size:cover;--awb-width-large:100%;--awb-margin-top-large:0px;--awb-spacing-right-large:1.92%;--awb-margin-bottom-large:20px;--awb-spacing-left-large:1.92%;--awb-width-medium:100%;--awb-order-medium:0;--awb-spacing-right-medium:1.92%;--awb-spacing-left-medium:1.92%;--awb-width-small:100%;--awb-order-small:0;--awb-spacing-right-small:1.92%;--awb-spacing-left-small:1.92%;\"><div class=\"fusion-column-wrapper fusion-column-has-shadow fusion-flex-justify-content-flex-start fusion-content-layout-column\"><div class=\"fusion-separator fusion-full-width-sep\" style=\"align-self: center;margin-left: auto;margin-right: auto;margin-bottom:40px;width:100%;\"><div class=\"fusion-separator-border sep-single sep-solid\" style=\"--awb-height:20px;--awb-amount:20px;border-color:#e2e2e2;border-top-width:1px;\"><\/div><\/div><\/div><\/div><\/div><\/div><\/p>\n","protected":false},"excerpt":{"rendered":"","protected":false},"author":1,"featured_media":0,"parent":0,"menu_order":0,"comment_status":"closed","ping_status":"closed","template":"100-width.php","meta":{"footnotes":""},"class_list":["post-4652","page","type-page","status-publish","hentry"],"acf":[],"yoast_head":"<!-- This site is optimized with the Yoast SEO plugin v19.1 - https:\/\/yoast.com\/wordpress\/plugins\/seo\/ -->\n<title>Wroclaw Innovations - Innovation Sector<\/title>\n<meta name=\"description\" content=\"Sektor Innowacji to praktyczne narz\u0119dzia oraz przestrze\u0144 wymiany know-how dla biznesu i nauki, kt\u00f3re mog\u0105 wzajemnie nap\u0119dza\u0107 sw\u00f3j rozw\u00f3j.\" \/>\n<meta name=\"robots\" content=\"index, follow, max-snippet:-1, max-image-preview:large, max-video-preview:-1\" \/>\n<link rel=\"canonical\" href=\"https:\/\/www.sektorinnowacji.pl\/wroclawskieinnowacje\/\" \/>\n<meta property=\"og:locale\" content=\"en_US\" \/>\n<meta property=\"og:type\" content=\"article\" \/>\n<meta property=\"og:title\" content=\"Wroclaw Innovations - Innovation Sector\" \/>\n<meta property=\"og:description\" content=\"Sektor Innowacji to praktyczne narz\u0119dzia oraz przestrze\u0144 wymiany know-how dla biznesu i nauki, kt\u00f3re mog\u0105 wzajemnie nap\u0119dza\u0107 sw\u00f3j rozw\u00f3j.\" \/>\n<meta property=\"og:url\" content=\"https:\/\/www.sektorinnowacji.pl\/wroclawskieinnowacje\/\" \/>\n<meta property=\"og:site_name\" content=\"Innovation Sector\" \/>\n<meta property=\"article:modified_time\" content=\"2022-06-25T13:13:38+00:00\" \/>\n<meta name=\"twitter:card\" content=\"summary_large_image\" \/>\n<meta name=\"twitter:label1\" content=\"Est. reading time\" \/>\n\t<meta name=\"twitter:data1\" content=\"18 minutes\" \/>\n<script type=\"application\/ld+json\" class=\"yoast-schema-graph\">{\"@context\":\"https:\/\/schema.org\",\"@graph\":[{\"@type\":\"Organization\",\"@id\":\"https:\/\/www.sektorinnowacji.pl\/#organization\",\"name\":\"Sektor Innowacji - portal Wroc\u0142awskiego Parku Technologicznego\",\"url\":\"https:\/\/www.sektorinnowacji.pl\/\",\"sameAs\":[],\"logo\":{\"@type\":\"ImageObject\",\"inLanguage\":\"en-US\",\"@id\":\"https:\/\/www.sektorinnowacji.pl\/#\/schema\/logo\/image\/\",\"url\":\"https:\/\/www.sektorinnowacji.pl\/wp-content\/uploads\/2022\/03\/Sektor-Innowacji-projekt-Wroclawskiego-Parku-Technologicznego.jpg\",\"contentUrl\":\"https:\/\/www.sektorinnowacji.pl\/wp-content\/uploads\/2022\/03\/Sektor-Innowacji-projekt-Wroclawskiego-Parku-Technologicznego.jpg\",\"width\":1920,\"height\":1080,\"caption\":\"Sektor Innowacji - portal Wroc\u0142awskiego Parku Technologicznego\"},\"image\":{\"@id\":\"https:\/\/www.sektorinnowacji.pl\/#\/schema\/logo\/image\/\"}},{\"@type\":\"WebSite\",\"@id\":\"https:\/\/www.sektorinnowacji.pl\/#website\",\"url\":\"https:\/\/www.sektorinnowacji.pl\/\",\"name\":\"Innovation Sector\",\"description\":\"Sektor Innowacji\",\"publisher\":{\"@id\":\"https:\/\/www.sektorinnowacji.pl\/#organization\"},\"potentialAction\":[{\"@type\":\"SearchAction\",\"target\":{\"@type\":\"EntryPoint\",\"urlTemplate\":\"https:\/\/www.sektorinnowacji.pl\/?s={search_term_string}\"},\"query-input\":\"required name=search_term_string\"}],\"inLanguage\":\"en-US\"},{\"@type\":\"WebPage\",\"@id\":\"https:\/\/www.sektorinnowacji.pl\/wroclawskieinnowacje\/#webpage\",\"url\":\"https:\/\/www.sektorinnowacji.pl\/wroclawskieinnowacje\/\",\"name\":\"Wroclaw Innovations - Innovation Sector\",\"isPartOf\":{\"@id\":\"https:\/\/www.sektorinnowacji.pl\/#website\"},\"datePublished\":\"2021-10-14T08:32:52+00:00\",\"dateModified\":\"2022-06-25T13:13:38+00:00\",\"description\":\"Sektor Innowacji to praktyczne narz\u0119dzia oraz przestrze\u0144 wymiany know-how dla biznesu i nauki, kt\u00f3re mog\u0105 wzajemnie nap\u0119dza\u0107 sw\u00f3j rozw\u00f3j.\",\"breadcrumb\":{\"@id\":\"https:\/\/www.sektorinnowacji.pl\/wroclawskieinnowacje\/#breadcrumb\"},\"inLanguage\":\"en-US\",\"potentialAction\":[{\"@type\":\"ReadAction\",\"target\":[\"https:\/\/www.sektorinnowacji.pl\/wroclawskieinnowacje\/\"]}]},{\"@type\":\"BreadcrumbList\",\"@id\":\"https:\/\/www.sektorinnowacji.pl\/wroclawskieinnowacje\/#breadcrumb\",\"itemListElement\":[{\"@type\":\"ListItem\",\"position\":1,\"name\":\"Home\",\"item\":\"https:\/\/www.sektorinnowacji.pl\/en\/\"},{\"@type\":\"ListItem\",\"position\":2,\"name\":\"Wroclaw Innovations\"}]}]}<\/script>\n<!-- \/ Yoast SEO plugin. -->","yoast_head_json":{"title":"Wroclaw Innovations - Innovation Sector","description":"Sektor Innowacji to praktyczne narz\u0119dzia oraz przestrze\u0144 wymiany know-how dla biznesu i nauki, kt\u00f3re mog\u0105 wzajemnie nap\u0119dza\u0107 sw\u00f3j rozw\u00f3j.","robots":{"index":"index","follow":"follow","max-snippet":"max-snippet:-1","max-image-preview":"max-image-preview:large","max-video-preview":"max-video-preview:-1"},"canonical":"https:\/\/www.sektorinnowacji.pl\/wroclawskieinnowacje\/","og_locale":"en_US","og_type":"article","og_title":"Wroclaw Innovations - Innovation Sector","og_description":"Sektor Innowacji to praktyczne narz\u0119dzia oraz przestrze\u0144 wymiany know-how dla biznesu i nauki, kt\u00f3re mog\u0105 wzajemnie nap\u0119dza\u0107 sw\u00f3j rozw\u00f3j.","og_url":"https:\/\/www.sektorinnowacji.pl\/wroclawskieinnowacje\/","og_site_name":"Innovation Sector","article_modified_time":"2022-06-25T13:13:38+00:00","twitter_card":"summary_large_image","twitter_misc":{"Est. reading time":"18 minutes"},"schema":{"@context":"https:\/\/schema.org","@graph":[{"@type":"Organization","@id":"https:\/\/www.sektorinnowacji.pl\/#organization","name":"Sektor Innowacji - portal Wroc\u0142awskiego Parku Technologicznego","url":"https:\/\/www.sektorinnowacji.pl\/","sameAs":[],"logo":{"@type":"ImageObject","inLanguage":"en-US","@id":"https:\/\/www.sektorinnowacji.pl\/#\/schema\/logo\/image\/","url":"https:\/\/www.sektorinnowacji.pl\/wp-content\/uploads\/2022\/03\/Sektor-Innowacji-projekt-Wroclawskiego-Parku-Technologicznego.jpg","contentUrl":"https:\/\/www.sektorinnowacji.pl\/wp-content\/uploads\/2022\/03\/Sektor-Innowacji-projekt-Wroclawskiego-Parku-Technologicznego.jpg","width":1920,"height":1080,"caption":"Sektor Innowacji - portal Wroc\u0142awskiego Parku Technologicznego"},"image":{"@id":"https:\/\/www.sektorinnowacji.pl\/#\/schema\/logo\/image\/"}},{"@type":"WebSite","@id":"https:\/\/www.sektorinnowacji.pl\/#website","url":"https:\/\/www.sektorinnowacji.pl\/","name":"Innovation Sector","description":"Sektor Innowacji","publisher":{"@id":"https:\/\/www.sektorinnowacji.pl\/#organization"},"potentialAction":[{"@type":"SearchAction","target":{"@type":"EntryPoint","urlTemplate":"https:\/\/www.sektorinnowacji.pl\/?s={search_term_string}"},"query-input":"required name=search_term_string"}],"inLanguage":"en-US"},{"@type":"WebPage","@id":"https:\/\/www.sektorinnowacji.pl\/wroclawskieinnowacje\/#webpage","url":"https:\/\/www.sektorinnowacji.pl\/wroclawskieinnowacje\/","name":"Wroclaw Innovations - Innovation Sector","isPartOf":{"@id":"https:\/\/www.sektorinnowacji.pl\/#website"},"datePublished":"2021-10-14T08:32:52+00:00","dateModified":"2022-06-25T13:13:38+00:00","description":"Sektor Innowacji to praktyczne narz\u0119dzia oraz przestrze\u0144 wymiany know-how dla biznesu i nauki, kt\u00f3re mog\u0105 wzajemnie nap\u0119dza\u0107 sw\u00f3j rozw\u00f3j.","breadcrumb":{"@id":"https:\/\/www.sektorinnowacji.pl\/wroclawskieinnowacje\/#breadcrumb"},"inLanguage":"en-US","potentialAction":[{"@type":"ReadAction","target":["https:\/\/www.sektorinnowacji.pl\/wroclawskieinnowacje\/"]}]},{"@type":"BreadcrumbList","@id":"https:\/\/www.sektorinnowacji.pl\/wroclawskieinnowacje\/#breadcrumb","itemListElement":[{"@type":"ListItem","position":1,"name":"Home","item":"https:\/\/www.sektorinnowacji.pl\/en\/"},{"@type":"ListItem","position":2,"name":"Wroclaw Innovations"}]}]}},"_links":{"self":[{"href":"https:\/\/www.sektorinnowacji.pl\/en\/wp-json\/wp\/v2\/pages\/4652","targetHints":{"allow":["GET"]}}],"collection":[{"href":"https:\/\/www.sektorinnowacji.pl\/en\/wp-json\/wp\/v2\/pages"}],"about":[{"href":"https:\/\/www.sektorinnowacji.pl\/en\/wp-json\/wp\/v2\/types\/page"}],"author":[{"embeddable":true,"href":"https:\/\/www.sektorinnowacji.pl\/en\/wp-json\/wp\/v2\/users\/1"}],"replies":[{"embeddable":true,"href":"https:\/\/www.sektorinnowacji.pl\/en\/wp-json\/wp\/v2\/comments?post=4652"}],"version-history":[{"count":3,"href":"https:\/\/www.sektorinnowacji.pl\/en\/wp-json\/wp\/v2\/pages\/4652\/revisions"}],"predecessor-version":[{"id":4655,"href":"https:\/\/www.sektorinnowacji.pl\/en\/wp-json\/wp\/v2\/pages\/4652\/revisions\/4655"}],"wp:attachment":[{"href":"https:\/\/www.sektorinnowacji.pl\/en\/wp-json\/wp\/v2\/media?parent=4652"}],"curies":[{"name":"wp","href":"https:\/\/api.w.org\/{rel}","templated":true}]}}